{"id":1258,"date":"2013-09-18T14:05:37","date_gmt":"2013-09-18T12:05:37","guid":{"rendered":"http:\/\/m-chanaan.hr\/?page_id=1258"},"modified":"2025-02-05T13:52:49","modified_gmt":"2025-02-05T12:52:49","slug":"real-estate","status":"publish","type":"page","link":"https:\/\/m-chanaan.hr\/en\/real-estate\/","title":{"rendered":"Real estate"},"content":{"rendered":"<p>The Bible once described Canaan as the Promised Land. And in the same way today we can help both local and foreign investors to reap all of the benefits available from our safe investments and projects within this new golden land of promises and opportunities.<br \/>\nWe are qualified, professional, good organized, and we have a lot of local experiences in demanding projects leadership and management providing the consulting possibilities to our clients as an additional value in order to help you bring your investments to fruition and make Croatia the most desirable destination.<\/p>\n","protected":false},"excerpt":{"rendered":"<p>The Bible once described Canaan as the Promised Land. And in the same way today we can help both local and foreign investors to reap all of the benefits available from our safe investments and projects within this new golden land of promises and opportunities. We are qualified, professional, good organized, and we have a [&hellip;]<\/p>\n","protected":false},"author":1,"featured_media":0,"parent":0,"menu_order":22,"comment_status":"closed","ping_status":"closed","template":"page-realestates.php","meta":[],"acf":[],"yoast_head":"<!-- This site is optimized with the Yoast SEO plugin v21.1 - https:\/\/yoast.com\/wordpress\/plugins\/seo\/ -->\n<title>Real estate - M Chanaan - Business Consulting and real estate<\/title>\n<meta name=\"description\" content=\"M.Chanaan - helping both local and foreign investors to reap all of the benefits available from our safe investments and projects in Croatia\" \/>\n<meta name=\"robots\" content=\"index, follow, max-snippet:-1, max-image-preview:large, max-video-preview:-1\" \/>\n<link rel=\"canonical\" href=\"https:\/\/m-chanaan.hr\/en\/real-estate\/\" \/>\n<meta property=\"og:locale\" content=\"en_US\" \/>\n<meta property=\"og:type\" content=\"article\" \/>\n<meta property=\"og:title\" content=\"Real estate - M Chanaan - Business Consulting and real estate\" \/>\n<meta property=\"og:description\" content=\"M.Chanaan - helping both local and foreign investors to reap all of the benefits available from our safe investments and projects in Croatia\" \/>\n<meta property=\"og:url\" content=\"https:\/\/m-chanaan.hr\/en\/real-estate\/\" \/>\n<meta property=\"og:site_name\" content=\"M Chanaan - Business Consulting and real estate\" \/>\n<meta property=\"article:modified_time\" content=\"2025-02-05T12:52:49+00:00\" \/>\n<meta name=\"twitter:label1\" content=\"Est. reading time\" \/>\n\t<meta name=\"twitter:data1\" content=\"1 minute\" \/>\n<script type=\"application\/ld+json\" class=\"yoast-schema-graph\">{\"@context\":\"https:\/\/schema.org\",\"@graph\":[{\"@type\":\"WebPage\",\"@id\":\"https:\/\/m-chanaan.hr\/en\/real-estate\/\",\"url\":\"https:\/\/m-chanaan.hr\/en\/real-estate\/\",\"name\":\"Real estate - M Chanaan - Business Consulting and real estate\",\"isPartOf\":{\"@id\":\"https:\/\/m-chanaan.hr\/en\/#website\"},\"datePublished\":\"2013-09-18T12:05:37+00:00\",\"dateModified\":\"2025-02-05T12:52:49+00:00\",\"description\":\"M.Chanaan - helping both local and foreign investors to reap all of the benefits available from our safe investments and projects in Croatia\",\"breadcrumb\":{\"@id\":\"https:\/\/m-chanaan.hr\/en\/real-estate\/#breadcrumb\"},\"inLanguage\":\"en-US\",\"potentialAction\":[{\"@type\":\"ReadAction\",\"target\":[\"https:\/\/m-chanaan.hr\/en\/real-estate\/\"]}]},{\"@type\":\"BreadcrumbList\",\"@id\":\"https:\/\/m-chanaan.hr\/en\/real-estate\/#breadcrumb\",\"itemListElement\":[{\"@type\":\"ListItem\",\"position\":1,\"name\":\"Home\",\"item\":\"https:\/\/m-chanaan.hr\/en\/\"},{\"@type\":\"ListItem\",\"position\":2,\"name\":\"Real estate\"}]},{\"@type\":\"WebSite\",\"@id\":\"https:\/\/m-chanaan.hr\/en\/#website\",\"url\":\"https:\/\/m-chanaan.hr\/en\/\",\"name\":\"M Chanaan - Business Consulting and real estate\",\"description\":\"Tridesetogodi\u0161nje poslovno iskustvo i cijeli niz uspje\u0161nih projekata pozicionirali su M. Chanaan kao vode\u0107i konzaltin\u0161ki tim na podru\u010dju Istre i Pore\u0161tine.Vrhunski doma\u0107i i inozemni stru\u010dnjaci snaga su i prednost M. Chanaana. Investiranje u Hrvatsku i regiju, uz stru\u010dnu podr\u0161ku i zadovoljstvo klijenata \u2013 na\u0161a su misija.\",\"publisher\":{\"@id\":\"https:\/\/m-chanaan.hr\/en\/#organization\"},\"potentialAction\":[{\"@type\":\"SearchAction\",\"target\":{\"@type\":\"EntryPoint\",\"urlTemplate\":\"https:\/\/m-chanaan.hr\/en\/?s={search_term_string}\"},\"query-input\":\"required name=search_term_string\"}],\"inLanguage\":\"en-US\"},{\"@type\":\"Organization\",\"@id\":\"https:\/\/m-chanaan.hr\/en\/#organization\",\"name\":\"M Chanaan - Business Consulting and real estate\",\"url\":\"https:\/\/m-chanaan.hr\/en\/\",\"logo\":{\"@type\":\"ImageObject\",\"inLanguage\":\"en-US\",\"@id\":\"https:\/\/m-chanaan.hr\/en\/#\/schema\/logo\/image\/\",\"url\":\"https:\/\/m-chanaan.hr\/wp-content\/uploads\/2021\/06\/logo_mcn.png\",\"contentUrl\":\"https:\/\/m-chanaan.hr\/wp-content\/uploads\/2021\/06\/logo_mcn.png\",\"width\":173,\"height\":118,\"caption\":\"M Chanaan - Business Consulting and real estate\"},\"image\":{\"@id\":\"https:\/\/m-chanaan.hr\/en\/#\/schema\/logo\/image\/\"}}]}<\/script>\n<!-- \/ Yoast SEO plugin. -->","yoast_head_json":{"title":"Real estate - M Chanaan - Business Consulting and real estate","description":"M.Chanaan - helping both local and foreign investors to reap all of the benefits available from our safe investments and projects in Croatia","robots":{"index":"index","follow":"follow","max-snippet":"max-snippet:-1","max-image-preview":"max-image-preview:large","max-video-preview":"max-video-preview:-1"},"canonical":"https:\/\/m-chanaan.hr\/en\/real-estate\/","og_locale":"en_US","og_type":"article","og_title":"Real estate - M Chanaan - Business Consulting and real estate","og_description":"M.Chanaan - helping both local and foreign investors to reap all of the benefits available from our safe investments and projects in Croatia","og_url":"https:\/\/m-chanaan.hr\/en\/real-estate\/","og_site_name":"M Chanaan - Business Consulting and real estate","article_modified_time":"2025-02-05T12:52:49+00:00","twitter_misc":{"Est. reading time":"1 minute"},"schema":{"@context":"https:\/\/schema.org","@graph":[{"@type":"WebPage","@id":"https:\/\/m-chanaan.hr\/en\/real-estate\/","url":"https:\/\/m-chanaan.hr\/en\/real-estate\/","name":"Real estate - M Chanaan - Business Consulting and real estate","isPartOf":{"@id":"https:\/\/m-chanaan.hr\/en\/#website"},"datePublished":"2013-09-18T12:05:37+00:00","dateModified":"2025-02-05T12:52:49+00:00","description":"M.Chanaan - helping both local and foreign investors to reap all of the benefits available from our safe investments and projects in Croatia","breadcrumb":{"@id":"https:\/\/m-chanaan.hr\/en\/real-estate\/#breadcrumb"},"inLanguage":"en-US","potentialAction":[{"@type":"ReadAction","target":["https:\/\/m-chanaan.hr\/en\/real-estate\/"]}]},{"@type":"BreadcrumbList","@id":"https:\/\/m-chanaan.hr\/en\/real-estate\/#breadcrumb","itemListElement":[{"@type":"ListItem","position":1,"name":"Home","item":"https:\/\/m-chanaan.hr\/en\/"},{"@type":"ListItem","position":2,"name":"Real estate"}]},{"@type":"WebSite","@id":"https:\/\/m-chanaan.hr\/en\/#website","url":"https:\/\/m-chanaan.hr\/en\/","name":"M Chanaan - Business Consulting and real estate","description":"Tridesetogodi\u0161nje poslovno iskustvo i cijeli niz uspje\u0161nih projekata pozicionirali su M. Chanaan kao vode\u0107i konzaltin\u0161ki tim na podru\u010dju Istre i Pore\u0161tine.Vrhunski doma\u0107i i inozemni stru\u010dnjaci snaga su i prednost M. Chanaana. Investiranje u Hrvatsku i regiju, uz stru\u010dnu podr\u0161ku i zadovoljstvo klijenata \u2013 na\u0161a su misija.","publisher":{"@id":"https:\/\/m-chanaan.hr\/en\/#organization"},"potentialAction":[{"@type":"SearchAction","target":{"@type":"EntryPoint","urlTemplate":"https:\/\/m-chanaan.hr\/en\/?s={search_term_string}"},"query-input":"required name=search_term_string"}],"inLanguage":"en-US"},{"@type":"Organization","@id":"https:\/\/m-chanaan.hr\/en\/#organization","name":"M Chanaan - Business Consulting and real estate","url":"https:\/\/m-chanaan.hr\/en\/","logo":{"@type":"ImageObject","inLanguage":"en-US","@id":"https:\/\/m-chanaan.hr\/en\/#\/schema\/logo\/image\/","url":"https:\/\/m-chanaan.hr\/wp-content\/uploads\/2021\/06\/logo_mcn.png","contentUrl":"https:\/\/m-chanaan.hr\/wp-content\/uploads\/2021\/06\/logo_mcn.png","width":173,"height":118,"caption":"M Chanaan - Business Consulting and real estate"},"image":{"@id":"https:\/\/m-chanaan.hr\/en\/#\/schema\/logo\/image\/"}}]}},"_links":{"self":[{"href":"https:\/\/m-chanaan.hr\/en\/wp-json\/wp\/v2\/pages\/1258"}],"collection":[{"href":"https:\/\/m-chanaan.hr\/en\/wp-json\/wp\/v2\/pages"}],"about":[{"href":"https:\/\/m-chanaan.hr\/en\/wp-json\/wp\/v2\/types\/page"}],"author":[{"embeddable":true,"href":"https:\/\/m-chanaan.hr\/en\/wp-json\/wp\/v2\/users\/1"}],"replies":[{"embeddable":true,"href":"https:\/\/m-chanaan.hr\/en\/wp-json\/wp\/v2\/comments?post=1258"}],"version-history":[{"count":4,"href":"https:\/\/m-chanaan.hr\/en\/wp-json\/wp\/v2\/pages\/1258\/revisions"}],"predecessor-version":[{"id":12427,"href":"https:\/\/m-chanaan.hr\/en\/wp-json\/wp\/v2\/pages\/1258\/revisions\/12427"}],"wp:attachment":[{"href":"https:\/\/m-chanaan.hr\/en\/wp-json\/wp\/v2\/media?parent=1258"}],"curies":[{"name":"wp","href":"https:\/\/api.w.org\/{rel}","templated":true}]}}