{"id":4870,"date":"2014-11-05T09:13:32","date_gmt":"2014-11-05T08:13:32","guid":{"rendered":"http:\/\/m-chanaan.hr\/?page_id=4870"},"modified":"2021-09-08T14:33:51","modified_gmt":"2021-09-08T12:33:51","slug":"important-information-for-the-client","status":"publish","type":"page","link":"https:\/\/m-chanaan.hr\/en\/important-information-for-the-client\/","title":{"rendered":"Important information for the client"},"content":{"rendered":"<p style=\"text-align: left;\">Here you can find information about the places and events that you need to visit, activities, gastronomy, accommodation opportunities, important phone numbers and everything else that will make stay in Istria enjoyable and unforgettable experience:<\/p>\n<div class=\"shadow-separator\"><\/div>\n<p style=\"text-align: center;\">\n<a href=\"https:\/\/www.istra.hr\/en\/home\" target=\"_blank\" rel=\"noopener\" title=\"OFFICIAL TOURIST WEBSITE OF ISTRIA\"><br \/>\n<img decoding=\"async\" loading=\"lazy\" class=\" wp-image-4809 aligncenter\" alt=\"Slu\u017ebeni turisti\u010dki portal Istre\" src=\"\/wp-content\/uploads\/2014\/01\/KOZA.jpg\" width=\"190\" height=\"130\" srcset=\"https:\/\/m-chanaan.hr\/wp-content\/uploads\/2014\/01\/KOZA.jpg 271w, https:\/\/m-chanaan.hr\/wp-content\/uploads\/2014\/01\/KOZA-135x92.jpg 135w, https:\/\/m-chanaan.hr\/wp-content\/uploads\/2014\/01\/KOZA-200x137.jpg 200w, https:\/\/m-chanaan.hr\/wp-content\/uploads\/2014\/01\/KOZA-270x186.jpg 270w\" sizes=\"(max-width: 190px) 100vw, 190px\" \/><\/a>\n<\/p>\n<p style=\"text-align: center;\">\n<a title=\"SLU\u017dBENI TURISTI\u010cKI PORTAL ISTRE\" href=\"https:\/\/www.istra.hr\/en\/home\" target=\"_blank\" rel=\"noopener\">OFFICIAL TOURIST WEBSITE OF ISTRIA<\/a>\n<\/p>\n<p style=\"text-align: center;\">\n<a title=\"OFFICIAL TOURIST WEBSITE OF ISTRIA\" href=\"https:\/\/www.istra.hr\/en\/home\" target=\"_blank\" rel=\"noopener\">www.istra.hr<\/a>\n<\/p>\n<div class=\"shadow-separator\"><\/div>\n<p style=\"text-align: center;\">\n<a href=\"https:\/\/www.htz.hr\/hr-HR\" target=\"_blank\" rel=\"noopener\" title=\"Croatian National Tourist Board\"><br \/>\n<img decoding=\"async\" alt=\"Croatian National Tourist Board\" src=\"\/wp-content\/uploads\/2021\/09\/htz.png\" width=\"220\"\/><\/a>\n<\/p>\n<p style=\"text-align: center;\">\n<a title=\"Croatian National Tourist Board\" href=\"https:\/\/www.htz.hr\/hr-HR\" target=\"_blank\" rel=\"noopener\">CROATIAN NATIONAL TOURIST BOARD<\/a><\/p>\n<p style=\"text-align: center;\">\n<a title=\"Croatian National Tourist Board\" href=\"https:\/\/www.htz.hr\/hr-HR\" target=\"_blank\" rel=\"noopener\">www.htz.hr<\/a><\/p>\n<div class=\"shadow-separator\"><\/div>\n","protected":false},"excerpt":{"rendered":"<p>Here you can find information about the places and events that you need to visit, activities, gastronomy, accommodation opportunities, important phone numbers and everything else that will make stay in Istria enjoyable and unforgettable experience: OFFICIAL TOURIST WEBSITE OF ISTRIA www.istra.hr CROATIAN NATIONAL TOURIST BOARD www.htz.hr<\/p>\n","protected":false},"author":3,"featured_media":0,"parent":0,"menu_order":20,"comment_status":"closed","ping_status":"closed","template":"page-info.php","meta":[],"acf":[],"yoast_head":"<!-- This site is optimized with the Yoast SEO plugin v21.1 - https:\/\/yoast.com\/wordpress\/plugins\/seo\/ -->\n<title>Important information for the client - M Chanaan - Business Consulting and real estate<\/title>\n<meta name=\"robots\" content=\"index, follow, max-snippet:-1, max-image-preview:large, max-video-preview:-1\" \/>\n<link rel=\"canonical\" href=\"https:\/\/m-chanaan.hr\/en\/important-information-for-the-client\/\" \/>\n<meta property=\"og:locale\" content=\"en_US\" \/>\n<meta property=\"og:type\" content=\"article\" \/>\n<meta property=\"og:title\" content=\"Important information for the client - M Chanaan - Business Consulting and real estate\" \/>\n<meta property=\"og:description\" content=\"Here you can find information about the places and events that you need to visit, activities, gastronomy, accommodation opportunities, important phone numbers and everything else that will make stay in Istria enjoyable and unforgettable experience: OFFICIAL TOURIST WEBSITE OF ISTRIA www.istra.hr CROATIAN NATIONAL TOURIST BOARD www.htz.hr\" \/>\n<meta property=\"og:url\" content=\"https:\/\/m-chanaan.hr\/en\/important-information-for-the-client\/\" \/>\n<meta property=\"og:site_name\" content=\"M Chanaan - Business Consulting and real estate\" \/>\n<meta property=\"article:modified_time\" content=\"2021-09-08T12:33:51+00:00\" \/>\n<meta property=\"og:image\" content=\"https:\/\/m-chanaan.hr\/wp-content\/uploads\/2014\/01\/KOZA.jpg\" \/>\n<script type=\"application\/ld+json\" class=\"yoast-schema-graph\">{\"@context\":\"https:\/\/schema.org\",\"@graph\":[{\"@type\":\"WebPage\",\"@id\":\"https:\/\/m-chanaan.hr\/en\/important-information-for-the-client\/\",\"url\":\"https:\/\/m-chanaan.hr\/en\/important-information-for-the-client\/\",\"name\":\"Important information for the client - M Chanaan - Business Consulting and real estate\",\"isPartOf\":{\"@id\":\"https:\/\/m-chanaan.hr\/en\/#website\"},\"datePublished\":\"2014-11-05T08:13:32+00:00\",\"dateModified\":\"2021-09-08T12:33:51+00:00\",\"breadcrumb\":{\"@id\":\"https:\/\/m-chanaan.hr\/en\/important-information-for-the-client\/#breadcrumb\"},\"inLanguage\":\"en-US\",\"potentialAction\":[{\"@type\":\"ReadAction\",\"target\":[\"https:\/\/m-chanaan.hr\/en\/important-information-for-the-client\/\"]}]},{\"@type\":\"BreadcrumbList\",\"@id\":\"https:\/\/m-chanaan.hr\/en\/important-information-for-the-client\/#breadcrumb\",\"itemListElement\":[{\"@type\":\"ListItem\",\"position\":1,\"name\":\"Home\",\"item\":\"https:\/\/m-chanaan.hr\/en\/\"},{\"@type\":\"ListItem\",\"position\":2,\"name\":\"Important information for the client\"}]},{\"@type\":\"WebSite\",\"@id\":\"https:\/\/m-chanaan.hr\/en\/#website\",\"url\":\"https:\/\/m-chanaan.hr\/en\/\",\"name\":\"M Chanaan - Business Consulting and real estate\",\"description\":\"Tridesetogodi\u0161nje poslovno iskustvo i cijeli niz uspje\u0161nih projekata pozicionirali su M. Chanaan kao vode\u0107i konzaltin\u0161ki tim na podru\u010dju Istre i Pore\u0161tine.Vrhunski doma\u0107i i inozemni stru\u010dnjaci snaga su i prednost M. Chanaana. Investiranje u Hrvatsku i regiju, uz stru\u010dnu podr\u0161ku i zadovoljstvo klijenata \u2013 na\u0161a su misija.\",\"publisher\":{\"@id\":\"https:\/\/m-chanaan.hr\/en\/#organization\"},\"potentialAction\":[{\"@type\":\"SearchAction\",\"target\":{\"@type\":\"EntryPoint\",\"urlTemplate\":\"https:\/\/m-chanaan.hr\/en\/?s={search_term_string}\"},\"query-input\":\"required name=search_term_string\"}],\"inLanguage\":\"en-US\"},{\"@type\":\"Organization\",\"@id\":\"https:\/\/m-chanaan.hr\/en\/#organization\",\"name\":\"M Chanaan - Business Consulting and real estate\",\"url\":\"https:\/\/m-chanaan.hr\/en\/\",\"logo\":{\"@type\":\"ImageObject\",\"inLanguage\":\"en-US\",\"@id\":\"https:\/\/m-chanaan.hr\/en\/#\/schema\/logo\/image\/\",\"url\":\"https:\/\/m-chanaan.hr\/wp-content\/uploads\/2021\/06\/logo_mcn.png\",\"contentUrl\":\"https:\/\/m-chanaan.hr\/wp-content\/uploads\/2021\/06\/logo_mcn.png\",\"width\":173,\"height\":118,\"caption\":\"M Chanaan - Business Consulting and real estate\"},\"image\":{\"@id\":\"https:\/\/m-chanaan.hr\/en\/#\/schema\/logo\/image\/\"}}]}<\/script>\n<!-- \/ Yoast SEO plugin. -->","yoast_head_json":{"title":"Important information for the client - M Chanaan - Business Consulting and real estate","robots":{"index":"index","follow":"follow","max-snippet":"max-snippet:-1","max-image-preview":"max-image-preview:large","max-video-preview":"max-video-preview:-1"},"canonical":"https:\/\/m-chanaan.hr\/en\/important-information-for-the-client\/","og_locale":"en_US","og_type":"article","og_title":"Important information for the client - M Chanaan - Business Consulting and real estate","og_description":"Here you can find information about the places and events that you need to visit, activities, gastronomy, accommodation opportunities, important phone numbers and everything else that will make stay in Istria enjoyable and unforgettable experience: OFFICIAL TOURIST WEBSITE OF ISTRIA www.istra.hr CROATIAN NATIONAL TOURIST BOARD www.htz.hr","og_url":"https:\/\/m-chanaan.hr\/en\/important-information-for-the-client\/","og_site_name":"M Chanaan - Business Consulting and real estate","article_modified_time":"2021-09-08T12:33:51+00:00","og_image":[{"url":"https:\/\/m-chanaan.hr\/wp-content\/uploads\/2014\/01\/KOZA.jpg"}],"schema":{"@context":"https:\/\/schema.org","@graph":[{"@type":"WebPage","@id":"https:\/\/m-chanaan.hr\/en\/important-information-for-the-client\/","url":"https:\/\/m-chanaan.hr\/en\/important-information-for-the-client\/","name":"Important information for the client - M Chanaan - Business Consulting and real estate","isPartOf":{"@id":"https:\/\/m-chanaan.hr\/en\/#website"},"datePublished":"2014-11-05T08:13:32+00:00","dateModified":"2021-09-08T12:33:51+00:00","breadcrumb":{"@id":"https:\/\/m-chanaan.hr\/en\/important-information-for-the-client\/#breadcrumb"},"inLanguage":"en-US","potentialAction":[{"@type":"ReadAction","target":["https:\/\/m-chanaan.hr\/en\/important-information-for-the-client\/"]}]},{"@type":"BreadcrumbList","@id":"https:\/\/m-chanaan.hr\/en\/important-information-for-the-client\/#breadcrumb","itemListElement":[{"@type":"ListItem","position":1,"name":"Home","item":"https:\/\/m-chanaan.hr\/en\/"},{"@type":"ListItem","position":2,"name":"Important information for the client"}]},{"@type":"WebSite","@id":"https:\/\/m-chanaan.hr\/en\/#website","url":"https:\/\/m-chanaan.hr\/en\/","name":"M Chanaan - Business Consulting and real estate","description":"Tridesetogodi\u0161nje poslovno iskustvo i cijeli niz uspje\u0161nih projekata pozicionirali su M. Chanaan kao vode\u0107i konzaltin\u0161ki tim na podru\u010dju Istre i Pore\u0161tine.Vrhunski doma\u0107i i inozemni stru\u010dnjaci snaga su i prednost M. Chanaana. Investiranje u Hrvatsku i regiju, uz stru\u010dnu podr\u0161ku i zadovoljstvo klijenata \u2013 na\u0161a su misija.","publisher":{"@id":"https:\/\/m-chanaan.hr\/en\/#organization"},"potentialAction":[{"@type":"SearchAction","target":{"@type":"EntryPoint","urlTemplate":"https:\/\/m-chanaan.hr\/en\/?s={search_term_string}"},"query-input":"required name=search_term_string"}],"inLanguage":"en-US"},{"@type":"Organization","@id":"https:\/\/m-chanaan.hr\/en\/#organization","name":"M Chanaan - Business Consulting and real estate","url":"https:\/\/m-chanaan.hr\/en\/","logo":{"@type":"ImageObject","inLanguage":"en-US","@id":"https:\/\/m-chanaan.hr\/en\/#\/schema\/logo\/image\/","url":"https:\/\/m-chanaan.hr\/wp-content\/uploads\/2021\/06\/logo_mcn.png","contentUrl":"https:\/\/m-chanaan.hr\/wp-content\/uploads\/2021\/06\/logo_mcn.png","width":173,"height":118,"caption":"M Chanaan - Business Consulting and real estate"},"image":{"@id":"https:\/\/m-chanaan.hr\/en\/#\/schema\/logo\/image\/"}}]}},"_links":{"self":[{"href":"https:\/\/m-chanaan.hr\/en\/wp-json\/wp\/v2\/pages\/4870"}],"collection":[{"href":"https:\/\/m-chanaan.hr\/en\/wp-json\/wp\/v2\/pages"}],"about":[{"href":"https:\/\/m-chanaan.hr\/en\/wp-json\/wp\/v2\/types\/page"}],"author":[{"embeddable":true,"href":"https:\/\/m-chanaan.hr\/en\/wp-json\/wp\/v2\/users\/3"}],"replies":[{"embeddable":true,"href":"https:\/\/m-chanaan.hr\/en\/wp-json\/wp\/v2\/comments?post=4870"}],"version-history":[{"count":0,"href":"https:\/\/m-chanaan.hr\/en\/wp-json\/wp\/v2\/pages\/4870\/revisions"}],"wp:attachment":[{"href":"https:\/\/m-chanaan.hr\/en\/wp-json\/wp\/v2\/media?parent=4870"}],"curies":[{"name":"wp","href":"https:\/\/api.w.org\/{rel}","templated":true}]}}