{"id":5010,"date":"2015-02-05T13:49:16","date_gmt":"2015-02-05T12:49:16","guid":{"rendered":"http:\/\/m-chanaan.hr\/home-2\/"},"modified":"2025-02-05T13:54:31","modified_gmt":"2025-02-05T12:54:31","slug":"home","status":"publish","type":"page","link":"https:\/\/m-chanaan.hr\/en\/","title":{"rendered":"Invest in dream places"},"content":{"rendered":"<p>Welcome to M.Chanaan<\/p>\n<p>Finest real estate and investment opportunities carefully chosen<\/p>\n","protected":false},"excerpt":{"rendered":"<p>Welcome to M.Chanaan Finest real estate and investment opportunities carefully chosen<\/p>\n","protected":false},"author":2,"featured_media":8447,"parent":0,"menu_order":17,"comment_status":"closed","ping_status":"closed","template":"page-home.php","meta":[],"acf":[],"yoast_head":"<!-- This site is optimized with the Yoast SEO plugin v21.1 - https:\/\/yoast.com\/wordpress\/plugins\/seo\/ -->\n<title>Invest in dream places - M Chanaan - Business Consulting and real estate<\/title>\n<meta name=\"robots\" content=\"index, follow, max-snippet:-1, max-image-preview:large, max-video-preview:-1\" \/>\n<link rel=\"canonical\" href=\"https:\/\/m-chanaan.hr\/en\/\" \/>\n<meta property=\"og:locale\" content=\"en_US\" \/>\n<meta property=\"og:type\" content=\"article\" \/>\n<meta property=\"og:title\" content=\"Invest in dream places - M Chanaan - Business Consulting and real estate\" \/>\n<meta property=\"og:description\" content=\"Welcome to M.Chanaan Finest real estate and investment opportunities carefully chosen\" \/>\n<meta property=\"og:url\" content=\"https:\/\/m-chanaan.hr\/en\/\" \/>\n<meta property=\"og:site_name\" content=\"M Chanaan - Business Consulting and real estate\" \/>\n<meta property=\"article:modified_time\" content=\"2025-02-05T12:54:31+00:00\" \/>\n<meta property=\"og:image\" content=\"https:\/\/m-chanaan.hr\/wp-content\/uploads\/2021\/12\/2021-12-27_14h03_04.png\" \/>\n\t<meta property=\"og:image:width\" content=\"971\" \/>\n\t<meta property=\"og:image:height\" content=\"712\" \/>\n\t<meta property=\"og:image:type\" content=\"image\/png\" \/>\n<meta name=\"twitter:label1\" content=\"Est. reading time\" \/>\n\t<meta name=\"twitter:data1\" content=\"1 minute\" \/>\n<script type=\"application\/ld+json\" class=\"yoast-schema-graph\">{\"@context\":\"https:\/\/schema.org\",\"@graph\":[{\"@type\":\"WebPage\",\"@id\":\"https:\/\/m-chanaan.hr\/en\/\",\"url\":\"https:\/\/m-chanaan.hr\/en\/\",\"name\":\"Invest in dream places - M Chanaan - Business Consulting and real estate\",\"isPartOf\":{\"@id\":\"https:\/\/m-chanaan.hr\/en\/#website\"},\"datePublished\":\"2015-02-05T12:49:16+00:00\",\"dateModified\":\"2025-02-05T12:54:31+00:00\",\"breadcrumb\":{\"@id\":\"https:\/\/m-chanaan.hr\/en\/#breadcrumb\"},\"inLanguage\":\"en-US\",\"potentialAction\":[{\"@type\":\"ReadAction\",\"target\":[\"https:\/\/m-chanaan.hr\/en\/\"]}]},{\"@type\":\"BreadcrumbList\",\"@id\":\"https:\/\/m-chanaan.hr\/en\/#breadcrumb\",\"itemListElement\":[{\"@type\":\"ListItem\",\"position\":1,\"name\":\"Home\",\"item\":\"https:\/\/m-chanaan.hr\/en\/\"},{\"@type\":\"ListItem\",\"position\":2,\"name\":\"Invest in dream places\"}]},{\"@type\":\"WebSite\",\"@id\":\"https:\/\/m-chanaan.hr\/en\/#website\",\"url\":\"https:\/\/m-chanaan.hr\/en\/\",\"name\":\"M Chanaan - Business Consulting and real estate\",\"description\":\"Tridesetogodi\u0161nje poslovno iskustvo i cijeli niz uspje\u0161nih projekata pozicionirali su M. Chanaan kao vode\u0107i konzaltin\u0161ki tim na podru\u010dju Istre i Pore\u0161tine.Vrhunski doma\u0107i i inozemni stru\u010dnjaci snaga su i prednost M. Chanaana. Investiranje u Hrvatsku i regiju, uz stru\u010dnu podr\u0161ku i zadovoljstvo klijenata \u2013 na\u0161a su misija.\",\"publisher\":{\"@id\":\"https:\/\/m-chanaan.hr\/en\/#organization\"},\"potentialAction\":[{\"@type\":\"SearchAction\",\"target\":{\"@type\":\"EntryPoint\",\"urlTemplate\":\"https:\/\/m-chanaan.hr\/en\/?s={search_term_string}\"},\"query-input\":\"required name=search_term_string\"}],\"inLanguage\":\"en-US\"},{\"@type\":\"Organization\",\"@id\":\"https:\/\/m-chanaan.hr\/en\/#organization\",\"name\":\"M Chanaan - Business Consulting and real estate\",\"url\":\"https:\/\/m-chanaan.hr\/en\/\",\"logo\":{\"@type\":\"ImageObject\",\"inLanguage\":\"en-US\",\"@id\":\"https:\/\/m-chanaan.hr\/en\/#\/schema\/logo\/image\/\",\"url\":\"https:\/\/m-chanaan.hr\/wp-content\/uploads\/2021\/06\/logo_mcn.png\",\"contentUrl\":\"https:\/\/m-chanaan.hr\/wp-content\/uploads\/2021\/06\/logo_mcn.png\",\"width\":173,\"height\":118,\"caption\":\"M Chanaan - Business Consulting and real estate\"},\"image\":{\"@id\":\"https:\/\/m-chanaan.hr\/en\/#\/schema\/logo\/image\/\"}}]}<\/script>\n<!-- \/ Yoast SEO plugin. -->","yoast_head_json":{"title":"Invest in dream places - M Chanaan - Business Consulting and real estate","robots":{"index":"index","follow":"follow","max-snippet":"max-snippet:-1","max-image-preview":"max-image-preview:large","max-video-preview":"max-video-preview:-1"},"canonical":"https:\/\/m-chanaan.hr\/en\/","og_locale":"en_US","og_type":"article","og_title":"Invest in dream places - M Chanaan - Business Consulting and real estate","og_description":"Welcome to M.Chanaan Finest real estate and investment opportunities carefully chosen","og_url":"https:\/\/m-chanaan.hr\/en\/","og_site_name":"M Chanaan - Business Consulting and real estate","article_modified_time":"2025-02-05T12:54:31+00:00","og_image":[{"width":971,"height":712,"url":"https:\/\/m-chanaan.hr\/wp-content\/uploads\/2021\/12\/2021-12-27_14h03_04.png","type":"image\/png"}],"twitter_misc":{"Est. reading time":"1 minute"},"schema":{"@context":"https:\/\/schema.org","@graph":[{"@type":"WebPage","@id":"https:\/\/m-chanaan.hr\/en\/","url":"https:\/\/m-chanaan.hr\/en\/","name":"Invest in dream places - M Chanaan - Business Consulting and real estate","isPartOf":{"@id":"https:\/\/m-chanaan.hr\/en\/#website"},"datePublished":"2015-02-05T12:49:16+00:00","dateModified":"2025-02-05T12:54:31+00:00","breadcrumb":{"@id":"https:\/\/m-chanaan.hr\/en\/#breadcrumb"},"inLanguage":"en-US","potentialAction":[{"@type":"ReadAction","target":["https:\/\/m-chanaan.hr\/en\/"]}]},{"@type":"BreadcrumbList","@id":"https:\/\/m-chanaan.hr\/en\/#breadcrumb","itemListElement":[{"@type":"ListItem","position":1,"name":"Home","item":"https:\/\/m-chanaan.hr\/en\/"},{"@type":"ListItem","position":2,"name":"Invest in dream places"}]},{"@type":"WebSite","@id":"https:\/\/m-chanaan.hr\/en\/#website","url":"https:\/\/m-chanaan.hr\/en\/","name":"M Chanaan - Business Consulting and real estate","description":"Tridesetogodi\u0161nje poslovno iskustvo i cijeli niz uspje\u0161nih projekata pozicionirali su M. Chanaan kao vode\u0107i konzaltin\u0161ki tim na podru\u010dju Istre i Pore\u0161tine.Vrhunski doma\u0107i i inozemni stru\u010dnjaci snaga su i prednost M. Chanaana. Investiranje u Hrvatsku i regiju, uz stru\u010dnu podr\u0161ku i zadovoljstvo klijenata \u2013 na\u0161a su misija.","publisher":{"@id":"https:\/\/m-chanaan.hr\/en\/#organization"},"potentialAction":[{"@type":"SearchAction","target":{"@type":"EntryPoint","urlTemplate":"https:\/\/m-chanaan.hr\/en\/?s={search_term_string}"},"query-input":"required name=search_term_string"}],"inLanguage":"en-US"},{"@type":"Organization","@id":"https:\/\/m-chanaan.hr\/en\/#organization","name":"M Chanaan - Business Consulting and real estate","url":"https:\/\/m-chanaan.hr\/en\/","logo":{"@type":"ImageObject","inLanguage":"en-US","@id":"https:\/\/m-chanaan.hr\/en\/#\/schema\/logo\/image\/","url":"https:\/\/m-chanaan.hr\/wp-content\/uploads\/2021\/06\/logo_mcn.png","contentUrl":"https:\/\/m-chanaan.hr\/wp-content\/uploads\/2021\/06\/logo_mcn.png","width":173,"height":118,"caption":"M Chanaan - Business Consulting and real estate"},"image":{"@id":"https:\/\/m-chanaan.hr\/en\/#\/schema\/logo\/image\/"}}]}},"_links":{"self":[{"href":"https:\/\/m-chanaan.hr\/en\/wp-json\/wp\/v2\/pages\/5010"}],"collection":[{"href":"https:\/\/m-chanaan.hr\/en\/wp-json\/wp\/v2\/pages"}],"about":[{"href":"https:\/\/m-chanaan.hr\/en\/wp-json\/wp\/v2\/types\/page"}],"author":[{"embeddable":true,"href":"https:\/\/m-chanaan.hr\/en\/wp-json\/wp\/v2\/users\/2"}],"replies":[{"embeddable":true,"href":"https:\/\/m-chanaan.hr\/en\/wp-json\/wp\/v2\/comments?post=5010"}],"version-history":[{"count":7,"href":"https:\/\/m-chanaan.hr\/en\/wp-json\/wp\/v2\/pages\/5010\/revisions"}],"predecessor-version":[{"id":12428,"href":"https:\/\/m-chanaan.hr\/en\/wp-json\/wp\/v2\/pages\/5010\/revisions\/12428"}],"wp:featuredmedia":[{"embeddable":true,"href":"https:\/\/m-chanaan.hr\/en\/wp-json\/wp\/v2\/media\/8447"}],"wp:attachment":[{"href":"https:\/\/m-chanaan.hr\/en\/wp-json\/wp\/v2\/media?parent=5010"}],"curies":[{"name":"wp","href":"https:\/\/api.w.org\/{rel}","templated":true}]}}