{"id":5678,"date":"2015-05-21T14:16:51","date_gmt":"2015-05-21T12:16:51","guid":{"rendered":"http:\/\/m-chanaan.hr\/?page_id=5678"},"modified":"2022-12-10T17:13:26","modified_gmt":"2022-12-10T16:13:26","slug":"contact","status":"publish","type":"page","link":"https:\/\/m-chanaan.hr\/en\/contact\/","title":{"rendered":"Contact"},"content":{"rendered":"<div class=\"contact-page\">\n<div class=\"contact-page-left\">\n<div class=\"wpcf7 no-js\" id=\"wpcf7-f10043-o1\" lang=\"en-US\" dir=\"ltr\">\n<div class=\"screen-reader-response\"><p role=\"status\" aria-live=\"polite\" aria-atomic=\"true\"><\/p> <ul><\/ul><\/div>\n<form action=\"\/en\/wp-json\/wp\/v2\/pages\/5678#wpcf7-f10043-o1\" method=\"post\" class=\"wpcf7-form init\" aria-label=\"Contact form\" novalidate=\"novalidate\" data-status=\"init\">\n<div style=\"display: none;\">\n<input type=\"hidden\" name=\"_wpcf7\" value=\"10043\" \/>\n<input type=\"hidden\" name=\"_wpcf7_version\" value=\"5.7.7\" \/>\n<input type=\"hidden\" name=\"_wpcf7_locale\" value=\"en_US\" \/>\n<input type=\"hidden\" name=\"_wpcf7_unit_tag\" value=\"wpcf7-f10043-o1\" \/>\n<input type=\"hidden\" name=\"_wpcf7_container_post\" value=\"0\" \/>\n<input type=\"hidden\" name=\"_wpcf7_posted_data_hash\" value=\"\" \/>\n<\/div>\n<div class=\"home-form-groups\">\n\t<div class=\"home-form-group\">\n\t\t<div class=\"home-form-field\"><span class=\"wpcf7-form-control-wrap\" data-name=\"your-name\"><input size=\"40\" class=\"wpcf7-form-control wpcf7-text wpcf7-validates-as-required\" aria-required=\"true\" aria-invalid=\"false\" placeholder=\"Name\" value=\"\" type=\"text\" name=\"your-name\" \/><\/span><\/div>\n\t\t<div class=\"home-form-field\"><span class=\"wpcf7-form-control-wrap\" data-name=\"your-surname\"><input size=\"40\" class=\"wpcf7-form-control wpcf7-text wpcf7-validates-as-required\" aria-required=\"true\" aria-invalid=\"false\" placeholder=\"Surname\" value=\"\" type=\"text\" name=\"your-surname\" \/><\/span><\/div>\n\t\t<div class=\"home-form-field\"><span class=\"wpcf7-form-control-wrap\" data-name=\"your-email\"><input size=\"40\" class=\"wpcf7-form-control wpcf7-text wpcf7-email wpcf7-validates-as-required wpcf7-validates-as-email\" aria-required=\"true\" aria-invalid=\"false\" placeholder=\"Email\" value=\"\" type=\"email\" name=\"your-email\" \/><\/span><\/div>\n\t\t<div class=\"home-form-field\"><span class=\"wpcf7-form-control-wrap\" data-name=\"your-number\"><input size=\"40\" class=\"wpcf7-form-control wpcf7-text wpcf7-validates-as-required\" aria-required=\"true\" aria-invalid=\"false\" placeholder=\"Contact\" value=\"\" type=\"text\" name=\"your-number\" \/><\/span><\/div>\n\t<\/div>\n\t<div class=\"home-form-group\">\n\t\t<div class=\"home-form-field\"><span class=\"wpcf7-form-control-wrap\" data-name=\"your-message\"><textarea cols=\"40\" rows=\"10\" class=\"wpcf7-form-control wpcf7-textarea wpcf7-validates-as-required\" aria-required=\"true\" aria-invalid=\"false\" placeholder=\"Your message\" name=\"your-message\"><\/textarea><\/span><\/div>\n\t<\/div>\n<\/div>\n<div class=\"home-form-submit\">\n\t<input class=\"wpcf7-form-control has-spinner wpcf7-submit\" type=\"submit\" value=\"Submit\" \/>\n<\/div><div class=\"wpcf7-response-output\" aria-hidden=\"true\"><\/div>\n<\/form>\n<\/div>\n<\/div>\n<div class=\"contact-page-right\">\n<h3>Our Company\u2019s Profile:<\/h3>\n<p><strong>M.Chanaan LLC.<\/strong><br \/>\nBusiness Consulting &#038; Real Estate<br \/>\nAddress: Istarskog razvoda 7, 52440 Pore\u010d, Croatia<br \/>\nVAT ID: HR64240260474<br \/>\nShare capital: 190.000,00 kn fully paid-up<br \/>\nTransaction account: 2500009-1101366412 at Addiko Bank<br \/>\nIBAN: HR20 25000091101366412<br \/>\nSWIFT: HAABHR22<br \/>\nManaging Director: Miroslav Vuku\u0161i\u0107<br \/>\nTel.<strong> 00385\/52-433-370 , <\/strong>Fax.<strong> 00385\/52-453-569<\/strong><br \/>\nE-mail : <strong>info(at)m-chanaan.hr<\/strong>\n<\/div>\n<\/div>\n","protected":false},"excerpt":{"rendered":"<p>Our Company\u2019s Profile: M.Chanaan LLC. Business Consulting &#038; Real Estate Address: Istarskog razvoda 7, 52440 Pore\u010d, Croatia VAT ID: HR64240260474 Share capital: 190.000,00 kn fully paid-up Transaction account: 2500009-1101366412 at Addiko Bank IBAN: HR20 25000091101366412 SWIFT: HAABHR22 Managing Director: Miroslav Vuku\u0161i\u0107 Tel. 00385\/52-433-370 , Fax. 00385\/52-453-569 E-mail : info(at)m-chanaan.hr<\/p>\n","protected":false},"author":3,"featured_media":0,"parent":0,"menu_order":9,"comment_status":"closed","ping_status":"closed","template":"page-contact.php","meta":[],"acf":[],"yoast_head":"<!-- This site is optimized with the Yoast SEO plugin v21.1 - https:\/\/yoast.com\/wordpress\/plugins\/seo\/ -->\n<title>Contact - M Chanaan - Business Consulting and real estate<\/title>\n<meta name=\"robots\" content=\"index, follow, max-snippet:-1, max-image-preview:large, max-video-preview:-1\" \/>\n<link rel=\"canonical\" href=\"https:\/\/m-chanaan.hr\/en\/contact\/\" \/>\n<meta property=\"og:locale\" content=\"en_US\" \/>\n<meta property=\"og:type\" content=\"article\" \/>\n<meta property=\"og:title\" content=\"Contact - M Chanaan - Business Consulting and real estate\" \/>\n<meta property=\"og:description\" content=\"Our Company\u2019s Profile: M.Chanaan LLC. Business Consulting &#038; Real Estate Address: Istarskog razvoda 7, 52440 Pore\u010d, Croatia VAT ID: HR64240260474 Share capital: 190.000,00 kn fully paid-up Transaction account: 2500009-1101366412 at Addiko Bank IBAN: HR20 25000091101366412 SWIFT: HAABHR22 Managing Director: Miroslav Vuku\u0161i\u0107 Tel. 00385\/52-433-370 , Fax. 00385\/52-453-569 E-mail : info(at)m-chanaan.hr\" \/>\n<meta property=\"og:url\" content=\"https:\/\/m-chanaan.hr\/en\/contact\/\" \/>\n<meta property=\"og:site_name\" content=\"M Chanaan - Business Consulting and real estate\" \/>\n<meta property=\"article:modified_time\" content=\"2022-12-10T16:13:26+00:00\" \/>\n<meta name=\"twitter:label1\" content=\"Est. reading time\" \/>\n\t<meta name=\"twitter:data1\" content=\"1 minute\" \/>\n<script type=\"application\/ld+json\" class=\"yoast-schema-graph\">{\"@context\":\"https:\/\/schema.org\",\"@graph\":[{\"@type\":\"WebPage\",\"@id\":\"https:\/\/m-chanaan.hr\/en\/contact\/\",\"url\":\"https:\/\/m-chanaan.hr\/en\/contact\/\",\"name\":\"Contact - M Chanaan - Business Consulting and real estate\",\"isPartOf\":{\"@id\":\"https:\/\/m-chanaan.hr\/en\/#website\"},\"datePublished\":\"2015-05-21T12:16:51+00:00\",\"dateModified\":\"2022-12-10T16:13:26+00:00\",\"breadcrumb\":{\"@id\":\"https:\/\/m-chanaan.hr\/en\/contact\/#breadcrumb\"},\"inLanguage\":\"en-US\",\"potentialAction\":[{\"@type\":\"ReadAction\",\"target\":[\"https:\/\/m-chanaan.hr\/en\/contact\/\"]}]},{\"@type\":\"BreadcrumbList\",\"@id\":\"https:\/\/m-chanaan.hr\/en\/contact\/#breadcrumb\",\"itemListElement\":[{\"@type\":\"ListItem\",\"position\":1,\"name\":\"Home\",\"item\":\"https:\/\/m-chanaan.hr\/en\/\"},{\"@type\":\"ListItem\",\"position\":2,\"name\":\"Contact\"}]},{\"@type\":\"WebSite\",\"@id\":\"https:\/\/m-chanaan.hr\/en\/#website\",\"url\":\"https:\/\/m-chanaan.hr\/en\/\",\"name\":\"M Chanaan - Business Consulting and real estate\",\"description\":\"Tridesetogodi\u0161nje poslovno iskustvo i cijeli niz uspje\u0161nih projekata pozicionirali su M. Chanaan kao vode\u0107i konzaltin\u0161ki tim na podru\u010dju Istre i Pore\u0161tine.Vrhunski doma\u0107i i inozemni stru\u010dnjaci snaga su i prednost M. Chanaana. Investiranje u Hrvatsku i regiju, uz stru\u010dnu podr\u0161ku i zadovoljstvo klijenata \u2013 na\u0161a su misija.\",\"publisher\":{\"@id\":\"https:\/\/m-chanaan.hr\/en\/#organization\"},\"potentialAction\":[{\"@type\":\"SearchAction\",\"target\":{\"@type\":\"EntryPoint\",\"urlTemplate\":\"https:\/\/m-chanaan.hr\/en\/?s={search_term_string}\"},\"query-input\":\"required name=search_term_string\"}],\"inLanguage\":\"en-US\"},{\"@type\":\"Organization\",\"@id\":\"https:\/\/m-chanaan.hr\/en\/#organization\",\"name\":\"M Chanaan - Business Consulting and real estate\",\"url\":\"https:\/\/m-chanaan.hr\/en\/\",\"logo\":{\"@type\":\"ImageObject\",\"inLanguage\":\"en-US\",\"@id\":\"https:\/\/m-chanaan.hr\/en\/#\/schema\/logo\/image\/\",\"url\":\"https:\/\/m-chanaan.hr\/wp-content\/uploads\/2021\/06\/logo_mcn.png\",\"contentUrl\":\"https:\/\/m-chanaan.hr\/wp-content\/uploads\/2021\/06\/logo_mcn.png\",\"width\":173,\"height\":118,\"caption\":\"M Chanaan - Business Consulting and real estate\"},\"image\":{\"@id\":\"https:\/\/m-chanaan.hr\/en\/#\/schema\/logo\/image\/\"}}]}<\/script>\n<!-- \/ Yoast SEO plugin. -->","yoast_head_json":{"title":"Contact - M Chanaan - Business Consulting and real estate","robots":{"index":"index","follow":"follow","max-snippet":"max-snippet:-1","max-image-preview":"max-image-preview:large","max-video-preview":"max-video-preview:-1"},"canonical":"https:\/\/m-chanaan.hr\/en\/contact\/","og_locale":"en_US","og_type":"article","og_title":"Contact - M Chanaan - Business Consulting and real estate","og_description":"Our Company\u2019s Profile: M.Chanaan LLC. Business Consulting &#038; Real Estate Address: Istarskog razvoda 7, 52440 Pore\u010d, Croatia VAT ID: HR64240260474 Share capital: 190.000,00 kn fully paid-up Transaction account: 2500009-1101366412 at Addiko Bank IBAN: HR20 25000091101366412 SWIFT: HAABHR22 Managing Director: Miroslav Vuku\u0161i\u0107 Tel. 00385\/52-433-370 , Fax. 00385\/52-453-569 E-mail : info(at)m-chanaan.hr","og_url":"https:\/\/m-chanaan.hr\/en\/contact\/","og_site_name":"M Chanaan - Business Consulting and real estate","article_modified_time":"2022-12-10T16:13:26+00:00","twitter_misc":{"Est. reading time":"1 minute"},"schema":{"@context":"https:\/\/schema.org","@graph":[{"@type":"WebPage","@id":"https:\/\/m-chanaan.hr\/en\/contact\/","url":"https:\/\/m-chanaan.hr\/en\/contact\/","name":"Contact - M Chanaan - Business Consulting and real estate","isPartOf":{"@id":"https:\/\/m-chanaan.hr\/en\/#website"},"datePublished":"2015-05-21T12:16:51+00:00","dateModified":"2022-12-10T16:13:26+00:00","breadcrumb":{"@id":"https:\/\/m-chanaan.hr\/en\/contact\/#breadcrumb"},"inLanguage":"en-US","potentialAction":[{"@type":"ReadAction","target":["https:\/\/m-chanaan.hr\/en\/contact\/"]}]},{"@type":"BreadcrumbList","@id":"https:\/\/m-chanaan.hr\/en\/contact\/#breadcrumb","itemListElement":[{"@type":"ListItem","position":1,"name":"Home","item":"https:\/\/m-chanaan.hr\/en\/"},{"@type":"ListItem","position":2,"name":"Contact"}]},{"@type":"WebSite","@id":"https:\/\/m-chanaan.hr\/en\/#website","url":"https:\/\/m-chanaan.hr\/en\/","name":"M Chanaan - Business Consulting and real estate","description":"Tridesetogodi\u0161nje poslovno iskustvo i cijeli niz uspje\u0161nih projekata pozicionirali su M. Chanaan kao vode\u0107i konzaltin\u0161ki tim na podru\u010dju Istre i Pore\u0161tine.Vrhunski doma\u0107i i inozemni stru\u010dnjaci snaga su i prednost M. Chanaana. Investiranje u Hrvatsku i regiju, uz stru\u010dnu podr\u0161ku i zadovoljstvo klijenata \u2013 na\u0161a su misija.","publisher":{"@id":"https:\/\/m-chanaan.hr\/en\/#organization"},"potentialAction":[{"@type":"SearchAction","target":{"@type":"EntryPoint","urlTemplate":"https:\/\/m-chanaan.hr\/en\/?s={search_term_string}"},"query-input":"required name=search_term_string"}],"inLanguage":"en-US"},{"@type":"Organization","@id":"https:\/\/m-chanaan.hr\/en\/#organization","name":"M Chanaan - Business Consulting and real estate","url":"https:\/\/m-chanaan.hr\/en\/","logo":{"@type":"ImageObject","inLanguage":"en-US","@id":"https:\/\/m-chanaan.hr\/en\/#\/schema\/logo\/image\/","url":"https:\/\/m-chanaan.hr\/wp-content\/uploads\/2021\/06\/logo_mcn.png","contentUrl":"https:\/\/m-chanaan.hr\/wp-content\/uploads\/2021\/06\/logo_mcn.png","width":173,"height":118,"caption":"M Chanaan - Business Consulting and real estate"},"image":{"@id":"https:\/\/m-chanaan.hr\/en\/#\/schema\/logo\/image\/"}}]}},"_links":{"self":[{"href":"https:\/\/m-chanaan.hr\/en\/wp-json\/wp\/v2\/pages\/5678"}],"collection":[{"href":"https:\/\/m-chanaan.hr\/en\/wp-json\/wp\/v2\/pages"}],"about":[{"href":"https:\/\/m-chanaan.hr\/en\/wp-json\/wp\/v2\/types\/page"}],"author":[{"embeddable":true,"href":"https:\/\/m-chanaan.hr\/en\/wp-json\/wp\/v2\/users\/3"}],"replies":[{"embeddable":true,"href":"https:\/\/m-chanaan.hr\/en\/wp-json\/wp\/v2\/comments?post=5678"}],"version-history":[{"count":2,"href":"https:\/\/m-chanaan.hr\/en\/wp-json\/wp\/v2\/pages\/5678\/revisions"}],"predecessor-version":[{"id":10047,"href":"https:\/\/m-chanaan.hr\/en\/wp-json\/wp\/v2\/pages\/5678\/revisions\/10047"}],"wp:attachment":[{"href":"https:\/\/m-chanaan.hr\/en\/wp-json\/wp\/v2\/media?parent=5678"}],"curies":[{"name":"wp","href":"https:\/\/api.w.org\/{rel}","templated":true}]}}