{"id":680,"date":"2013-06-28T06:42:20","date_gmt":"2013-06-28T06:42:20","guid":{"rendered":"http:\/\/m-chanaan.hr\/other-services-2\/"},"modified":"2021-12-09T13:06:14","modified_gmt":"2021-12-09T12:06:14","slug":"other-services","status":"publish","type":"page","link":"https:\/\/m-chanaan.hr\/en\/other-services\/","title":{"rendered":"Other services"},"content":{"rendered":"<p>Gastronomy, music and beauty are the fields of our lasting interest. They are our passion. Each provides us with a particular pleasure being an opportunity for us as a qualified, professional, and good organized company, to enhance the Istrian touristic offer.<\/p>\n","protected":false},"excerpt":{"rendered":"<p>Gastronomy, music and beauty are the fields of our lasting interest. They are our passion. Each provides us with a particular pleasure being an opportunity for us as a qualified, professional, and good organized company, to enhance the Istrian touristic offer.<\/p>\n","protected":false},"author":1,"featured_media":0,"parent":0,"menu_order":30,"comment_status":"closed","ping_status":"closed","template":"page-other-services.php","meta":[],"acf":[],"yoast_head":"<!-- This site is optimized with the Yoast SEO plugin v21.1 - https:\/\/yoast.com\/wordpress\/plugins\/seo\/ -->\n<title>Other services - M Chanaan - Business Consulting and real estate<\/title>\n<meta name=\"robots\" content=\"index, follow, max-snippet:-1, max-image-preview:large, max-video-preview:-1\" \/>\n<link rel=\"canonical\" href=\"https:\/\/m-chanaan.hr\/en\/other-services\/\" \/>\n<meta property=\"og:locale\" content=\"en_US\" \/>\n<meta property=\"og:type\" content=\"article\" \/>\n<meta property=\"og:title\" content=\"Other services - M Chanaan - Business Consulting and real estate\" \/>\n<meta property=\"og:description\" content=\"Gastronomy, music and beauty are the fields of our lasting interest. They are our passion. Each provides us with a particular pleasure being an opportunity for us as a qualified, professional, and good organized company, to enhance the Istrian touristic offer.\" \/>\n<meta property=\"og:url\" content=\"https:\/\/m-chanaan.hr\/en\/other-services\/\" \/>\n<meta property=\"og:site_name\" content=\"M Chanaan - Business Consulting and real estate\" \/>\n<meta property=\"article:modified_time\" content=\"2021-12-09T12:06:14+00:00\" \/>\n<script type=\"application\/ld+json\" class=\"yoast-schema-graph\">{\"@context\":\"https:\/\/schema.org\",\"@graph\":[{\"@type\":\"WebPage\",\"@id\":\"https:\/\/m-chanaan.hr\/en\/other-services\/\",\"url\":\"https:\/\/m-chanaan.hr\/en\/other-services\/\",\"name\":\"Other services - M Chanaan - Business Consulting and real estate\",\"isPartOf\":{\"@id\":\"https:\/\/m-chanaan.hr\/en\/#website\"},\"datePublished\":\"2013-06-28T06:42:20+00:00\",\"dateModified\":\"2021-12-09T12:06:14+00:00\",\"breadcrumb\":{\"@id\":\"https:\/\/m-chanaan.hr\/en\/other-services\/#breadcrumb\"},\"inLanguage\":\"en-US\",\"potentialAction\":[{\"@type\":\"ReadAction\",\"target\":[\"https:\/\/m-chanaan.hr\/en\/other-services\/\"]}]},{\"@type\":\"BreadcrumbList\",\"@id\":\"https:\/\/m-chanaan.hr\/en\/other-services\/#breadcrumb\",\"itemListElement\":[{\"@type\":\"ListItem\",\"position\":1,\"name\":\"Home\",\"item\":\"https:\/\/m-chanaan.hr\/en\/\"},{\"@type\":\"ListItem\",\"position\":2,\"name\":\"Other services\"}]},{\"@type\":\"WebSite\",\"@id\":\"https:\/\/m-chanaan.hr\/en\/#website\",\"url\":\"https:\/\/m-chanaan.hr\/en\/\",\"name\":\"M Chanaan - Business Consulting and real estate\",\"description\":\"Tridesetogodi\u0161nje poslovno iskustvo i cijeli niz uspje\u0161nih projekata pozicionirali su M. Chanaan kao vode\u0107i konzaltin\u0161ki tim na podru\u010dju Istre i Pore\u0161tine.Vrhunski doma\u0107i i inozemni stru\u010dnjaci snaga su i prednost M. Chanaana. Investiranje u Hrvatsku i regiju, uz stru\u010dnu podr\u0161ku i zadovoljstvo klijenata \u2013 na\u0161a su misija.\",\"publisher\":{\"@id\":\"https:\/\/m-chanaan.hr\/en\/#organization\"},\"potentialAction\":[{\"@type\":\"SearchAction\",\"target\":{\"@type\":\"EntryPoint\",\"urlTemplate\":\"https:\/\/m-chanaan.hr\/en\/?s={search_term_string}\"},\"query-input\":\"required name=search_term_string\"}],\"inLanguage\":\"en-US\"},{\"@type\":\"Organization\",\"@id\":\"https:\/\/m-chanaan.hr\/en\/#organization\",\"name\":\"M Chanaan - Business Consulting and real estate\",\"url\":\"https:\/\/m-chanaan.hr\/en\/\",\"logo\":{\"@type\":\"ImageObject\",\"inLanguage\":\"en-US\",\"@id\":\"https:\/\/m-chanaan.hr\/en\/#\/schema\/logo\/image\/\",\"url\":\"https:\/\/m-chanaan.hr\/wp-content\/uploads\/2021\/06\/logo_mcn.png\",\"contentUrl\":\"https:\/\/m-chanaan.hr\/wp-content\/uploads\/2021\/06\/logo_mcn.png\",\"width\":173,\"height\":118,\"caption\":\"M Chanaan - Business Consulting and real estate\"},\"image\":{\"@id\":\"https:\/\/m-chanaan.hr\/en\/#\/schema\/logo\/image\/\"}}]}<\/script>\n<!-- \/ Yoast SEO plugin. -->","yoast_head_json":{"title":"Other services - M Chanaan - Business Consulting and real estate","robots":{"index":"index","follow":"follow","max-snippet":"max-snippet:-1","max-image-preview":"max-image-preview:large","max-video-preview":"max-video-preview:-1"},"canonical":"https:\/\/m-chanaan.hr\/en\/other-services\/","og_locale":"en_US","og_type":"article","og_title":"Other services - M Chanaan - Business Consulting and real estate","og_description":"Gastronomy, music and beauty are the fields of our lasting interest. They are our passion. Each provides us with a particular pleasure being an opportunity for us as a qualified, professional, and good organized company, to enhance the Istrian touristic offer.","og_url":"https:\/\/m-chanaan.hr\/en\/other-services\/","og_site_name":"M Chanaan - Business Consulting and real estate","article_modified_time":"2021-12-09T12:06:14+00:00","schema":{"@context":"https:\/\/schema.org","@graph":[{"@type":"WebPage","@id":"https:\/\/m-chanaan.hr\/en\/other-services\/","url":"https:\/\/m-chanaan.hr\/en\/other-services\/","name":"Other services - M Chanaan - Business Consulting and real estate","isPartOf":{"@id":"https:\/\/m-chanaan.hr\/en\/#website"},"datePublished":"2013-06-28T06:42:20+00:00","dateModified":"2021-12-09T12:06:14+00:00","breadcrumb":{"@id":"https:\/\/m-chanaan.hr\/en\/other-services\/#breadcrumb"},"inLanguage":"en-US","potentialAction":[{"@type":"ReadAction","target":["https:\/\/m-chanaan.hr\/en\/other-services\/"]}]},{"@type":"BreadcrumbList","@id":"https:\/\/m-chanaan.hr\/en\/other-services\/#breadcrumb","itemListElement":[{"@type":"ListItem","position":1,"name":"Home","item":"https:\/\/m-chanaan.hr\/en\/"},{"@type":"ListItem","position":2,"name":"Other services"}]},{"@type":"WebSite","@id":"https:\/\/m-chanaan.hr\/en\/#website","url":"https:\/\/m-chanaan.hr\/en\/","name":"M Chanaan - Business Consulting and real estate","description":"Tridesetogodi\u0161nje poslovno iskustvo i cijeli niz uspje\u0161nih projekata pozicionirali su M. Chanaan kao vode\u0107i konzaltin\u0161ki tim na podru\u010dju Istre i Pore\u0161tine.Vrhunski doma\u0107i i inozemni stru\u010dnjaci snaga su i prednost M. Chanaana. Investiranje u Hrvatsku i regiju, uz stru\u010dnu podr\u0161ku i zadovoljstvo klijenata \u2013 na\u0161a su misija.","publisher":{"@id":"https:\/\/m-chanaan.hr\/en\/#organization"},"potentialAction":[{"@type":"SearchAction","target":{"@type":"EntryPoint","urlTemplate":"https:\/\/m-chanaan.hr\/en\/?s={search_term_string}"},"query-input":"required name=search_term_string"}],"inLanguage":"en-US"},{"@type":"Organization","@id":"https:\/\/m-chanaan.hr\/en\/#organization","name":"M Chanaan - Business Consulting and real estate","url":"https:\/\/m-chanaan.hr\/en\/","logo":{"@type":"ImageObject","inLanguage":"en-US","@id":"https:\/\/m-chanaan.hr\/en\/#\/schema\/logo\/image\/","url":"https:\/\/m-chanaan.hr\/wp-content\/uploads\/2021\/06\/logo_mcn.png","contentUrl":"https:\/\/m-chanaan.hr\/wp-content\/uploads\/2021\/06\/logo_mcn.png","width":173,"height":118,"caption":"M Chanaan - Business Consulting and real estate"},"image":{"@id":"https:\/\/m-chanaan.hr\/en\/#\/schema\/logo\/image\/"}}]}},"_links":{"self":[{"href":"https:\/\/m-chanaan.hr\/en\/wp-json\/wp\/v2\/pages\/680"}],"collection":[{"href":"https:\/\/m-chanaan.hr\/en\/wp-json\/wp\/v2\/pages"}],"about":[{"href":"https:\/\/m-chanaan.hr\/en\/wp-json\/wp\/v2\/types\/page"}],"author":[{"embeddable":true,"href":"https:\/\/m-chanaan.hr\/en\/wp-json\/wp\/v2\/users\/1"}],"replies":[{"embeddable":true,"href":"https:\/\/m-chanaan.hr\/en\/wp-json\/wp\/v2\/comments?post=680"}],"version-history":[{"count":0,"href":"https:\/\/m-chanaan.hr\/en\/wp-json\/wp\/v2\/pages\/680\/revisions"}],"wp:attachment":[{"href":"https:\/\/m-chanaan.hr\/en\/wp-json\/wp\/v2\/media?parent=680"}],"curies":[{"name":"wp","href":"https:\/\/api.w.org\/{rel}","templated":true}]}}